{"id":972,"date":"2023-12-07T11:31:36","date_gmt":"2023-12-07T10:31:36","guid":{"rendered":"http:\/\/localhost\/wordpress\/?page_id=972"},"modified":"2024-05-06T07:57:15","modified_gmt":"2024-05-06T07:57:15","slug":"politicas-de-empresa","status":"publish","type":"page","link":"https:\/\/www.linamar.es\/index.php\/politicas-de-empresa\/","title":{"rendered":"Pol\u00edticas de empresa"},"content":{"rendered":"\n<div class=\"wp-block-columns has-theme-palette-4-color has-text-color has-link-color has-small-font-size wp-elements-e458e6e3b942c4a34dcc5130998aa688 is-layout-flex wp-container-core-columns-is-layout-85aaba91 wp-block-columns-is-layout-flex\" style=\"padding-top:var(--wp--preset--spacing--30);padding-right:0;padding-bottom:var(--wp--preset--spacing--30);padding-left:0\">\n<div class=\"wp-block-column is-layout-flow wp-block-column-is-layout-flow\" style=\"flex-basis:33.34%\">\n<div class=\"wp-block-group is-style-default is-vertical is-layout-flex wp-container-core-group-is-layout-8cf370e7 wp-block-group-is-layout-flex\"><style>.wp-block-kadence-advancedheading.kt-adv-heading972_8b1aa8-85, .wp-block-kadence-advancedheading.kt-adv-heading972_8b1aa8-85[data-kb-block=\"kb-adv-heading972_8b1aa8-85\"]{font-style:normal;}.wp-block-kadence-advancedheading.kt-adv-heading972_8b1aa8-85 mark, .wp-block-kadence-advancedheading.kt-adv-heading972_8b1aa8-85[data-kb-block=\"kb-adv-heading972_8b1aa8-85\"] mark{font-style:normal;color:#f76a0c;padding-top:0px;padding-right:0px;padding-bottom:0px;padding-left:0px;}.wp-block-kadence-advancedheading.kt-adv-heading972_8b1aa8-85[data-kb-block=\"kb-adv-heading972_8b1aa8-85\"] a, a.kb-advanced-heading-link.kt-adv-heading-link972_8b1aa8-85{text-decoration:none;}.wp-block-kadence-advancedheading.kt-adv-heading972_8b1aa8-85[data-kb-block=\"kb-adv-heading972_8b1aa8-85\"] a:hover, a.kb-advanced-heading-link.kt-adv-heading-link972_8b1aa8-85:hover{text-decoration:underline;}<\/style>\n<h2 class=\"kt-adv-heading972_8b1aa8-85 wp-block-kadence-advancedheading hls-hover_underline\" data-kb-block=\"kb-adv-heading972_8b1aa8-85\"><a href=\"http:\/\/linamar.es\/files\/politica-de-calidad-alumalsa.pdf\" target=\"_blank\" rel=\"noreferrer noopener\">Pol\u00edtica de calidad<\/a><\/h2>\n\n\n\n<p><\/p>\n\n\n\n<p><em>LINAMAR LIGHT METALS ZARAGOZA S.A.U. (LLMZ), tiene como compromiso mantener y mejorar la posici\u00f3n de la empresa<br>dentro del mercado y conseguir mejoras permanentes de calidad y productividad, por medio de la formaci\u00f3n permanente, el control<br>del proceso, desarrollo de nuevos m\u00e9todos, nuevas tecnolog\u00edas y la automatizaci\u00f3n.<\/em><\/p>\n<\/div>\n<\/div>\n\n\n\n<div class=\"wp-block-column is-layout-flow wp-block-column-is-layout-flow\" style=\"flex-basis:33.34%\">\n<div class=\"wp-block-group is-vertical is-layout-flex wp-container-core-group-is-layout-8cf370e7 wp-block-group-is-layout-flex\"><style>.wp-block-kadence-advancedheading.kt-adv-heading972_63e3ea-06, .wp-block-kadence-advancedheading.kt-adv-heading972_63e3ea-06[data-kb-block=\"kb-adv-heading972_63e3ea-06\"]{font-style:normal;}.wp-block-kadence-advancedheading.kt-adv-heading972_63e3ea-06 mark, .wp-block-kadence-advancedheading.kt-adv-heading972_63e3ea-06[data-kb-block=\"kb-adv-heading972_63e3ea-06\"] mark{font-style:normal;color:#f76a0c;padding-top:0px;padding-right:0px;padding-bottom:0px;padding-left:0px;}.wp-block-kadence-advancedheading.kt-adv-heading972_63e3ea-06[data-kb-block=\"kb-adv-heading972_63e3ea-06\"] a, a.kb-advanced-heading-link.kt-adv-heading-link972_63e3ea-06{text-decoration:none;}.wp-block-kadence-advancedheading.kt-adv-heading972_63e3ea-06[data-kb-block=\"kb-adv-heading972_63e3ea-06\"] a:hover, a.kb-advanced-heading-link.kt-adv-heading-link972_63e3ea-06:hover{text-decoration:underline;}<\/style>\n<h2 class=\"kt-adv-heading972_63e3ea-06 wp-block-kadence-advancedheading hls-hover_underline\" data-kb-block=\"kb-adv-heading972_63e3ea-06\"><a href=\"http:\/\/linamar.es\/files\/politica-PEA.pdf\" target=\"_blank\" rel=\"noreferrer noopener\">pol\u00edtica energ\u00e9tica y medio ambiental<\/a><\/h2>\n\n\n\n<p><em>La Direcci\u00f3n de LLMZ (LINAMAR LIGHT METALS ZARAGOZA), consciente del impacto ambiental y energ\u00e9tico de<br>sus actividades, ha optado por el respeto y protecci\u00f3n del Medio Ambiente, la promoci\u00f3n del ahorro y la correcta<br>gesti\u00f3n de la energ\u00eda. Esta iniciativa tiene como fin el compromiso con la eficiencia energ\u00e9tica y el desarrollo<br>sostenible en el marco de nuestra actividad<\/em><\/p>\n<\/div>\n<\/div>\n\n\n\n<div class=\"wp-block-column is-layout-flow wp-block-column-is-layout-flow\" style=\"flex-basis:33.33%\">\n<div class=\"wp-block-group is-vertical is-layout-flex wp-container-core-group-is-layout-8cf370e7 wp-block-group-is-layout-flex\"><style>.wp-block-kadence-advancedheading.kt-adv-heading972_61c86d-53, .wp-block-kadence-advancedheading.kt-adv-heading972_61c86d-53[data-kb-block=\"kb-adv-heading972_61c86d-53\"]{font-style:normal;}.wp-block-kadence-advancedheading.kt-adv-heading972_61c86d-53 mark, .wp-block-kadence-advancedheading.kt-adv-heading972_61c86d-53[data-kb-block=\"kb-adv-heading972_61c86d-53\"] mark{font-style:normal;color:#f76a0c;padding-top:0px;padding-right:0px;padding-bottom:0px;padding-left:0px;}.wp-block-kadence-advancedheading.kt-adv-heading972_61c86d-53[data-kb-block=\"kb-adv-heading972_61c86d-53\"] a, a.kb-advanced-heading-link.kt-adv-heading-link972_61c86d-53{text-decoration:none;}.wp-block-kadence-advancedheading.kt-adv-heading972_61c86d-53[data-kb-block=\"kb-adv-heading972_61c86d-53\"] a:hover, a.kb-advanced-heading-link.kt-adv-heading-link972_61c86d-53:hover{text-decoration:underline;}<\/style>\n<h2 class=\"kt-adv-heading972_61c86d-53 wp-block-kadence-advancedheading hls-hover_underline\" data-kb-block=\"kb-adv-heading972_61c86d-53\"><a href=\"http:\/\/linamar.es\/files\/F4810001-politica-prevencion.pdf\" target=\"_blank\" rel=\"noreferrer noopener\">pol\u00edtica de prevenci\u00f3n<\/a><\/h2>\n\n\n\n<p><\/p>\n<\/div>\n\n\n\n<p><em>Linamar Light Metal Zaragoza S.A.U (LLMZ), se compromete a:Tener una Empresa Segura y Saludable para todas las personas que desarrollan un trabajo en las<br>instalaciones, y al desarrollo de la mejora continua de las condiciones de trabajo, para alcanzar el<br>Objetivo de \u201cCero accidentes\u201d.<\/em><\/p>\n<\/div>\n\n\n\n<div class=\"wp-block-column is-layout-flow wp-block-column-is-layout-flow\" style=\"flex-basis:33.33%\">\n<div class=\"wp-block-group is-vertical is-layout-flex wp-container-core-group-is-layout-8cf370e7 wp-block-group-is-layout-flex\"><style>.wp-block-kadence-advancedheading.kt-adv-heading972_f8defb-0b, .wp-block-kadence-advancedheading.kt-adv-heading972_f8defb-0b[data-kb-block=\"kb-adv-heading972_f8defb-0b\"]{font-style:normal;}.wp-block-kadence-advancedheading.kt-adv-heading972_f8defb-0b mark, .wp-block-kadence-advancedheading.kt-adv-heading972_f8defb-0b[data-kb-block=\"kb-adv-heading972_f8defb-0b\"] mark{font-style:normal;color:#f76a0c;padding-top:0px;padding-right:0px;padding-bottom:0px;padding-left:0px;}.wp-block-kadence-advancedheading.kt-adv-heading972_f8defb-0b[data-kb-block=\"kb-adv-heading972_f8defb-0b\"] a, a.kb-advanced-heading-link.kt-adv-heading-link972_f8defb-0b{text-decoration:none;}.wp-block-kadence-advancedheading.kt-adv-heading972_f8defb-0b[data-kb-block=\"kb-adv-heading972_f8defb-0b\"] a:hover, a.kb-advanced-heading-link.kt-adv-heading-link972_f8defb-0b:hover{text-decoration:underline;}<\/style>\n<h2 class=\"kt-adv-heading972_f8defb-0b wp-block-kadence-advancedheading hls-hover_underline\" data-kb-block=\"kb-adv-heading972_f8defb-0b\"><a href=\"http:\/\/linamar.es\/files\/Politica_Sistema_Info_rev_ A.pdf\" target=\"_blank\" rel=\"noreferrer noopener\">pol\u00edtica de SEGURIDAD DE LA INFORMACI\u00d3N<\/a><\/h2>\n\n\n\n<p><em>Linamar Light Metal Zaragoza S.A.U (LLMZ), se compromete a:<\/em><\/p>\n\n\n\n<p><em>Garantizar a los trabajadores y otras partes interesadas el acceso a la informaci\u00f3n con la calidad y el nivel de servicio requerido para el desempe\u00f1o acordado, as\u00ed como evitar la p\u00e9rdida o alteraci\u00f3n grave de la informaci\u00f3n, y el acceso no autorizado<\/em><\/p>\n<\/div>\n<\/div>\n<\/div>\n\n\n\n<p><\/p>\n","protected":false},"excerpt":{"rendered":"<p>Pol\u00edtica de calidad LINAMAR LIGHT METALS ZARAGOZA S.A.U. (LLMZ), tiene como compromiso mantener y mejorar la posici\u00f3n de la empresadentro del mercado y conseguir mejoras permanentes de calidad y productividad, por medio de la formaci\u00f3n permanente, el controldel proceso, desarrollo de nuevos m\u00e9todos, nuevas tecnolog\u00edas y la automatizaci\u00f3n. pol\u00edtica energ\u00e9tica y medio ambiental La Direcci\u00f3n&#8230;<\/p>\n","protected":false},"author":1,"featured_media":0,"parent":0,"menu_order":0,"comment_status":"closed","ping_status":"closed","template":"","meta":{"_kadence_starter_templates_imported_post":false,"_kad_post_transparent":"","_kad_post_title":"","_kad_post_layout":"","_kad_post_sidebar_id":"","_kad_post_content_style":"","_kad_post_vertical_padding":"","_kad_post_feature":"","_kad_post_feature_position":"","_kad_post_header":false,"_kad_post_footer":false,"footnotes":""},"class_list":["post-972","page","type-page","status-publish","hentry"],"yoast_head":"<!-- This site is optimized with the Yoast SEO plugin v23.4 - https:\/\/yoast.com\/wordpress\/plugins\/seo\/ -->\n<title>Pol\u00edticas de empresa - LLMZ<\/title>\n<meta name=\"robots\" content=\"index, follow, max-snippet:-1, max-image-preview:large, max-video-preview:-1\" \/>\n<link rel=\"canonical\" href=\"https:\/\/www.linamar.es\/index.php\/politicas-de-empresa\/\" \/>\n<meta property=\"og:locale\" content=\"es_ES\" \/>\n<meta property=\"og:type\" content=\"article\" \/>\n<meta property=\"og:title\" content=\"Pol\u00edticas de empresa - LLMZ\" \/>\n<meta property=\"og:description\" content=\"Pol\u00edtica de calidad LINAMAR LIGHT METALS ZARAGOZA S.A.U. (LLMZ), tiene como compromiso mantener y mejorar la posici\u00f3n de la empresadentro del mercado y conseguir mejoras permanentes de calidad y productividad, por medio de la formaci\u00f3n permanente, el controldel proceso, desarrollo de nuevos m\u00e9todos, nuevas tecnolog\u00edas y la automatizaci\u00f3n. pol\u00edtica energ\u00e9tica y medio ambiental La Direcci\u00f3n...\" \/>\n<meta property=\"og:url\" content=\"https:\/\/www.linamar.es\/index.php\/politicas-de-empresa\/\" \/>\n<meta property=\"og:site_name\" content=\"LLMZ\" \/>\n<meta property=\"article:modified_time\" content=\"2024-05-06T07:57:15+00:00\" \/>\n<meta name=\"twitter:card\" content=\"summary_large_image\" \/>\n<meta name=\"twitter:label1\" content=\"Tiempo de lectura\" \/>\n\t<meta name=\"twitter:data1\" content=\"1 minuto\" \/>\n<script type=\"application\/ld+json\" class=\"yoast-schema-graph\">{\"@context\":\"https:\/\/schema.org\",\"@graph\":[{\"@type\":\"WebPage\",\"@id\":\"https:\/\/www.linamar.es\/index.php\/politicas-de-empresa\/\",\"url\":\"https:\/\/www.linamar.es\/index.php\/politicas-de-empresa\/\",\"name\":\"Pol\u00edticas de empresa - LLMZ\",\"isPartOf\":{\"@id\":\"https:\/\/www.linamar.es\/#website\"},\"datePublished\":\"2023-12-07T10:31:36+00:00\",\"dateModified\":\"2024-05-06T07:57:15+00:00\",\"breadcrumb\":{\"@id\":\"https:\/\/www.linamar.es\/index.php\/politicas-de-empresa\/#breadcrumb\"},\"inLanguage\":\"es\",\"potentialAction\":[{\"@type\":\"ReadAction\",\"target\":[\"https:\/\/www.linamar.es\/index.php\/politicas-de-empresa\/\"]}]},{\"@type\":\"BreadcrumbList\",\"@id\":\"https:\/\/www.linamar.es\/index.php\/politicas-de-empresa\/#breadcrumb\",\"itemListElement\":[{\"@type\":\"ListItem\",\"position\":1,\"name\":\"Portada\",\"item\":\"https:\/\/www.linamar.es\/\"},{\"@type\":\"ListItem\",\"position\":2,\"name\":\"Pol\u00edticas de empresa\"}]},{\"@type\":\"WebSite\",\"@id\":\"https:\/\/www.linamar.es\/#website\",\"url\":\"https:\/\/www.linamar.es\/\",\"name\":\"LLMZ\",\"description\":\"\",\"publisher\":{\"@id\":\"https:\/\/www.linamar.es\/#organization\"},\"potentialAction\":[{\"@type\":\"SearchAction\",\"target\":{\"@type\":\"EntryPoint\",\"urlTemplate\":\"https:\/\/www.linamar.es\/?s={search_term_string}\"},\"query-input\":{\"@type\":\"PropertyValueSpecification\",\"valueRequired\":true,\"valueName\":\"search_term_string\"}}],\"inLanguage\":\"es\"},{\"@type\":\"Organization\",\"@id\":\"https:\/\/www.linamar.es\/#organization\",\"name\":\"LLMZ\",\"url\":\"https:\/\/www.linamar.es\/\",\"logo\":{\"@type\":\"ImageObject\",\"inLanguage\":\"es\",\"@id\":\"https:\/\/www.linamar.es\/#\/schema\/logo\/image\/\",\"url\":\"https:\/\/www.linamar.es\/wp-content\/uploads\/2023\/12\/logo_w.png\",\"contentUrl\":\"https:\/\/www.linamar.es\/wp-content\/uploads\/2023\/12\/logo_w.png\",\"width\":552,\"height\":139,\"caption\":\"LLMZ\"},\"image\":{\"@id\":\"https:\/\/www.linamar.es\/#\/schema\/logo\/image\/\"}}]}<\/script>\n<!-- \/ Yoast SEO plugin. -->","yoast_head_json":{"title":"Pol\u00edticas de empresa - LLMZ","robots":{"index":"index","follow":"follow","max-snippet":"max-snippet:-1","max-image-preview":"max-image-preview:large","max-video-preview":"max-video-preview:-1"},"canonical":"https:\/\/www.linamar.es\/index.php\/politicas-de-empresa\/","og_locale":"es_ES","og_type":"article","og_title":"Pol\u00edticas de empresa - LLMZ","og_description":"Pol\u00edtica de calidad LINAMAR LIGHT METALS ZARAGOZA S.A.U. (LLMZ), tiene como compromiso mantener y mejorar la posici\u00f3n de la empresadentro del mercado y conseguir mejoras permanentes de calidad y productividad, por medio de la formaci\u00f3n permanente, el controldel proceso, desarrollo de nuevos m\u00e9todos, nuevas tecnolog\u00edas y la automatizaci\u00f3n. pol\u00edtica energ\u00e9tica y medio ambiental La Direcci\u00f3n...","og_url":"https:\/\/www.linamar.es\/index.php\/politicas-de-empresa\/","og_site_name":"LLMZ","article_modified_time":"2024-05-06T07:57:15+00:00","twitter_card":"summary_large_image","twitter_misc":{"Tiempo de lectura":"1 minuto"},"schema":{"@context":"https:\/\/schema.org","@graph":[{"@type":"WebPage","@id":"https:\/\/www.linamar.es\/index.php\/politicas-de-empresa\/","url":"https:\/\/www.linamar.es\/index.php\/politicas-de-empresa\/","name":"Pol\u00edticas de empresa - LLMZ","isPartOf":{"@id":"https:\/\/www.linamar.es\/#website"},"datePublished":"2023-12-07T10:31:36+00:00","dateModified":"2024-05-06T07:57:15+00:00","breadcrumb":{"@id":"https:\/\/www.linamar.es\/index.php\/politicas-de-empresa\/#breadcrumb"},"inLanguage":"es","potentialAction":[{"@type":"ReadAction","target":["https:\/\/www.linamar.es\/index.php\/politicas-de-empresa\/"]}]},{"@type":"BreadcrumbList","@id":"https:\/\/www.linamar.es\/index.php\/politicas-de-empresa\/#breadcrumb","itemListElement":[{"@type":"ListItem","position":1,"name":"Portada","item":"https:\/\/www.linamar.es\/"},{"@type":"ListItem","position":2,"name":"Pol\u00edticas de empresa"}]},{"@type":"WebSite","@id":"https:\/\/www.linamar.es\/#website","url":"https:\/\/www.linamar.es\/","name":"LLMZ","description":"","publisher":{"@id":"https:\/\/www.linamar.es\/#organization"},"potentialAction":[{"@type":"SearchAction","target":{"@type":"EntryPoint","urlTemplate":"https:\/\/www.linamar.es\/?s={search_term_string}"},"query-input":{"@type":"PropertyValueSpecification","valueRequired":true,"valueName":"search_term_string"}}],"inLanguage":"es"},{"@type":"Organization","@id":"https:\/\/www.linamar.es\/#organization","name":"LLMZ","url":"https:\/\/www.linamar.es\/","logo":{"@type":"ImageObject","inLanguage":"es","@id":"https:\/\/www.linamar.es\/#\/schema\/logo\/image\/","url":"https:\/\/www.linamar.es\/wp-content\/uploads\/2023\/12\/logo_w.png","contentUrl":"https:\/\/www.linamar.es\/wp-content\/uploads\/2023\/12\/logo_w.png","width":552,"height":139,"caption":"LLMZ"},"image":{"@id":"https:\/\/www.linamar.es\/#\/schema\/logo\/image\/"}}]}},"_links":{"self":[{"href":"https:\/\/www.linamar.es\/index.php\/wp-json\/wp\/v2\/pages\/972","targetHints":{"allow":["GET"]}}],"collection":[{"href":"https:\/\/www.linamar.es\/index.php\/wp-json\/wp\/v2\/pages"}],"about":[{"href":"https:\/\/www.linamar.es\/index.php\/wp-json\/wp\/v2\/types\/page"}],"author":[{"embeddable":true,"href":"https:\/\/www.linamar.es\/index.php\/wp-json\/wp\/v2\/users\/1"}],"replies":[{"embeddable":true,"href":"https:\/\/www.linamar.es\/index.php\/wp-json\/wp\/v2\/comments?post=972"}],"version-history":[{"count":4,"href":"https:\/\/www.linamar.es\/index.php\/wp-json\/wp\/v2\/pages\/972\/revisions"}],"predecessor-version":[{"id":1127,"href":"https:\/\/www.linamar.es\/index.php\/wp-json\/wp\/v2\/pages\/972\/revisions\/1127"}],"wp:attachment":[{"href":"https:\/\/www.linamar.es\/index.php\/wp-json\/wp\/v2\/media?parent=972"}],"curies":[{"name":"wp","href":"https:\/\/api.w.org\/{rel}","templated":true}]}}